{"id":171,"date":"2024-10-15T16:06:57","date_gmt":"2024-10-15T13:06:57","guid":{"rendered":"https:\/\/kenscafe.com.tr\/menu\/?post_type=product&#038;p=171"},"modified":"2026-01-21T10:20:54","modified_gmt":"2026-01-21T07:20:54","slug":"karisik-sandvic","status":"publish","type":"product","link":"https:\/\/kenscafe.com.tr\/menu\/urun\/karisik-sandvic\/","title":{"rendered":"Kar\u0131\u015f\u0131k Sandvi\u00e7"},"content":{"rendered":"","protected":false},"excerpt":{"rendered":"<div class=\"box-flex item-modifier-product-information btm-neutral-border mt-md mb-md\">\n<p class=\"cl-neutral-primary f-paragraph-small-font-size fw-paragraph-small-font-weight lh-paragraph-small-line-height ff-paragraph-small-font-family ma-zero      mb-sm\" data-testid=\"item-modifier-product-description\">Tavuk eti, ka\u015far peyniri, hellim peyniri, beef. \u0130ste\u011fe g\u00f6re domates, salatal\u0131k<\/p>\n<\/div>\n<div class=\"box-flex required-list invalid-section guided-required-section p-relative mb-md px-xs    pt-md pb-xs br-sm bc-neutral-border\" data-completed=\"false\" data-testid=\"item-modifier-options-list\" data-invalid-section=\"true\">\n<div class=\"box-flex jc-space-between  fd-row px-xs\"><\/div>\n<\/div>\n","protected":false},"featured_media":172,"template":"","meta":[],"product_brand":[],"product_cat":[26],"product_tag":[],"class_list":{"0":"post-171","1":"product","2":"type-product","3":"status-publish","4":"has-post-thumbnail","6":"product_cat-sandvicler","8":"first","9":"instock","10":"shipping-taxable","11":"purchasable","12":"product-type-simple"},"_links":{"self":[{"href":"https:\/\/kenscafe.com.tr\/menu\/wp-json\/wp\/v2\/product\/171","targetHints":{"allow":["GET"]}}],"collection":[{"href":"https:\/\/kenscafe.com.tr\/menu\/wp-json\/wp\/v2\/product"}],"about":[{"href":"https:\/\/kenscafe.com.tr\/menu\/wp-json\/wp\/v2\/types\/product"}],"wp:featuredmedia":[{"embeddable":true,"href":"https:\/\/kenscafe.com.tr\/menu\/wp-json\/wp\/v2\/media\/172"}],"wp:attachment":[{"href":"https:\/\/kenscafe.com.tr\/menu\/wp-json\/wp\/v2\/media?parent=171"}],"wp:term":[{"taxonomy":"product_brand","embeddable":true,"href":"https:\/\/kenscafe.com.tr\/menu\/wp-json\/wp\/v2\/product_brand?post=171"},{"taxonomy":"product_cat","embeddable":true,"href":"https:\/\/kenscafe.com.tr\/menu\/wp-json\/wp\/v2\/product_cat?post=171"},{"taxonomy":"product_tag","embeddable":true,"href":"https:\/\/kenscafe.com.tr\/menu\/wp-json\/wp\/v2\/product_tag?post=171"}],"curies":[{"name":"wp","href":"https:\/\/api.w.org\/{rel}","templated":true}]}}